{"id":435,"date":"2021-11-13T19:03:20","date_gmt":"2021-11-13T22:03:20","guid":{"rendered":"https:\/\/culturaeslava.com\/home\/?page_id=435"},"modified":"2025-03-11T18:31:24","modified_gmt":"2025-03-11T21:31:24","slug":"aula-online","status":"publish","type":"page","link":"https:\/\/culturaeslava.com\/home\/aula-online\/","title":{"rendered":"Aulas Online"},"content":{"rendered":"<section class=\"wpb-content-wrapper\"><p>[vc_row][vc_column][vc_column_text]<\/p>\r\n<div class=\"is-layout-flex wp-container-2 wp-block-columns\">\r\n<div class=\"is-layout-flow wp-block-column is-vertically-aligned-center\">\r\n<div class=\"wp-block-spacer\" style=\"height: 38px;\" aria-hidden=\"true\">\u00a0<\/div>\r\n\r\n\r\n\r\n<h2>Vantagens<\/h2>\r\n<p><\/p>\r\n<\/div>\r\n<p><\/p>\r\n<\/div>\r\n<p>\u00a0<\/p>\r\n\r\n<div class=\"is-layout-flex wp-container-6 wp-block-columns\">\r\n<div class=\"is-layout-flow wp-block-column\"><div class=\"wp-block-image\">\r\n<figure class=\"aligncenter size-full is-resized\"><img decoding=\"async\" loading=\"lazy\" class=\"wp-image-447\" src=\"https:\/\/culturaeslava.com\/home\/wp-content\/uploads\/2021\/11\/caminhao-correios-entrega.png\" alt=\"\" width=\"235\" height=\"163\" srcset=\"https:\/\/culturaeslava.com\/home\/wp-content\/uploads\/2021\/11\/caminhao-correios-entrega.png 658w, https:\/\/culturaeslava.com\/home\/wp-content\/uploads\/2021\/11\/caminhao-correios-entrega-300x209.png 300w\" sizes=\"(max-width: 235px) 100vw, 235px\" \/><\/figure><\/div>\r\n\r\n\r\n<h3 class=\"has-text-align-center\">Entrega a domic\u00edlio<\/h3>\r\n\r\n\r\n\r\n<p class=\"has-text-align-center\">Enviamos para todo o Brasil atrav\u00e9s do servi\u00e7o dos Correios, ent\u00e3o ao preencher sua ficha de matricula cheque duas vezes o endere\u00e7o.<\/p>\r\n<p><\/p>\r\n<\/div>\r\n\r\n\r\n\r\n<div class=\"is-layout-flow wp-block-column\"><div class=\"wp-block-image\">\r\n<figure class=\"aligncenter size-large is-resized\"><img decoding=\"async\" loading=\"lazy\" class=\"alignnone wp-image-1255 size-full\" src=\"https:\/\/culturaeslava.com\/home\/wp-content\/uploads\/2024\/12\/lhpp2.jpg\" alt=\"\" width=\"300\" height=\"232\" \/><\/figure><\/div>\r\n\r\n\r\n<h3 class=\"has-text-align-center\"><strong>Material Exclusivo<\/strong> e f\u00edsico<\/h3>\r\n\r\n\r\n\r\n<p class=\"has-text-align-center\">Todo em Russo, feito especificamente para falantes de portugu\u00eas e outras l\u00ednguas latinas.<\/p>\r\n<p><\/p>\r\n<\/div>\r\n\r\n\r\n\r\n<div class=\"is-layout-flow wp-block-column\"><div class=\"wp-block-image\">\r\n<figure class=\"aligncenter size-full is-resized\"><img decoding=\"async\" loading=\"lazy\" class=\"wp-image-371\" src=\"http:\/\/culturaeslava.com\/home\/wp-content\/uploads\/2021\/11\/icone-certificado.png\" alt=\"\" width=\"161\" height=\"227\" srcset=\"https:\/\/culturaeslava.com\/home\/wp-content\/uploads\/2021\/11\/icone-certificado.png 332w, https:\/\/culturaeslava.com\/home\/wp-content\/uploads\/2021\/11\/icone-certificado-212x300.png 212w\" sizes=\"(max-width: 161px) 100vw, 161px\" \/><\/figure><\/div>\r\n\r\n\r\n<h3 class=\"has-text-align-center\">Com certificado<\/h3>\r\n\r\n\r\n\r\n<p class=\"has-text-align-center\">Declara\u00e7\u00e3o de conclus\u00e3o<br \/>ao final de cada curso.<\/p>\r\n<p><\/p>\r\n<\/div>\r\n<p><\/p>\r\n<\/div>\r\n<p>\u00a0<\/p>\r\n\r\n<div class=\"wp-block-spacer\" style=\"height: 30px;\" aria-hidden=\"true\">\u00a0<\/div>\r\n<p>\u00a0<\/p>\r\n\r\n<div class=\"is-layout-flex wp-container-9 wp-block-columns\">\r\n<div class=\"is-layout-flow wp-block-column\"><div class=\"wp-block-image\">\r\n<figure class=\"aligncenter size-full is-resized\"><img decoding=\"async\" loading=\"lazy\" class=\"wp-image-375\" src=\"http:\/\/culturaeslava.com\/home\/wp-content\/uploads\/2021\/11\/aula-ao-vivo.png\" alt=\"\" width=\"251\" height=\"189\" srcset=\"https:\/\/culturaeslava.com\/home\/wp-content\/uploads\/2021\/11\/aula-ao-vivo.png 603w, https:\/\/culturaeslava.com\/home\/wp-content\/uploads\/2021\/11\/aula-ao-vivo-300x227.png 300w\" sizes=\"(max-width: 251px) 100vw, 251px\" \/><\/figure><\/div>\r\n\r\n\r\n<h3 class=\"has-text-align-center\">Aulas ao vivo<\/h3>\r\n\r\n\r\n\r\n<p class=\"has-text-align-center\">Aulas ao vivo em uma plataforma digital.<\/p>\r\n<p><\/p>\r\n<\/div>\r\n\r\n\r\n\r\n<div class=\"is-layout-flow wp-block-column\"><div class=\"wp-block-image\">\r\n<figure class=\"aligncenter size-full is-resized\"><img decoding=\"async\" loading=\"lazy\" class=\"wp-image-384\" src=\"http:\/\/culturaeslava.com\/home\/wp-content\/uploads\/2021\/11\/turma.png\" alt=\"\" width=\"198\" height=\"199\" srcset=\"https:\/\/culturaeslava.com\/home\/wp-content\/uploads\/2021\/11\/turma.png 396w, https:\/\/culturaeslava.com\/home\/wp-content\/uploads\/2021\/11\/turma-300x300.png 300w, https:\/\/culturaeslava.com\/home\/wp-content\/uploads\/2021\/11\/turma-150x150.png 150w\" sizes=\"(max-width: 198px) 100vw, 198px\" \/><\/figure><\/div>\r\n\r\n\r\n<h3 class=\"has-text-align-center\">Turmas focadas<\/h3>\r\n\r\n\r\n\r\n<p class=\"has-text-align-center\">Nossas turmas t\u00eam no m\u00ednimo 3 alunos e no m\u00e1ximo 17, dessa forma podemos oferecer um ensino inclusivo, sem deixar ningu\u00e9m para tr\u00e1s.<\/p>\r\n<p><\/p>\r\n<\/div>\r\n<p><\/p>\r\n<\/div>\r\n<p>\u00a0<\/p>\r\n<h3 style=\"text-align: center;\"><strong>Carga hor\u00e1ria por curso na modalidade Online:<\/strong><\/h3>\r\n<div class=\"wpb_column vc_column_container vc_col-sm-4\">\r\n<div class=\"vc_column-inner\">\r\n<div class=\"wpb_wrapper\">\r\n<div class=\"wpb_text_column wpb_content_element \">\r\n<div class=\"wpb_wrapper\">\r\n<h4 class=\"has-text-align-center\">TIPO I<br \/>(positiv\u00a0\u2013 \u043f\u043e\u0437\u0438\u0442\u0438\u0432)<\/h4>\r\n<hr class=\"wp-block-separator has-text-color has-neve-button-color-color has-css-opacity has-neve-button-color-background-color has-background is-style-default\" \/>\r\n<p class=\"has-text-align-center\">2 horas-aula por semana de 50 minutos.<br \/>\u2013 Livro Start 1 conclu\u00eddo em 3 meses;<br \/>\u2013 Livros Start 2, 3, 4, e 5, cada livro conclu\u00eddo em 6 meses;<\/p>\r\n<\/div>\r\n<\/div>\r\n<\/div>\r\n<\/div>\r\n<\/div>\r\n<div class=\"wpb_column vc_column_container vc_col-sm-4\">\r\n<div class=\"vc_column-inner\">\r\n<div class=\"wpb_wrapper\">\r\n<div class=\"wpb_text_column wpb_content_element \">\r\n<div class=\"wpb_wrapper\">\r\n<h4 class=\"has-text-align-center\">TIPO II<br \/>(reguli\u00e1rny\u00a0 \u2013 \u0440\u0435\u0433\u0443\u043b\u044f\u0440\u043d\u044b\u0439)<\/h4>\r\n<hr class=\"wp-block-separator has-text-color has-neve-button-color-color has-css-opacity has-neve-button-color-background-color has-background is-style-default\" \/>\r\n<p class=\"has-text-align-center\">3 horas-aula por semana de 50 minutos.<br \/>\u2013 Livro Start 1 conclu\u00eddo em 2 meses;<br \/>\u2013 Livros Start 2, 3, 4, e 5, cada livro conclu\u00eddo em 4 meses e meio;<\/p>\r\n<\/div>\r\n<\/div>\r\n<\/div>\r\n<\/div>\r\n<\/div>\r\n<div class=\"wpb_column vc_column_container vc_col-sm-4\">\r\n<div class=\"vc_column-inner\">\r\n<div class=\"wpb_wrapper\">\r\n<div class=\"wpb_text_column wpb_content_element \">\r\n<div class=\"wpb_wrapper\">\r\n<div class=\"is-layout-flow wp-block-column is-vertically-aligned-center\">\r\n<h4 class=\"has-text-align-center\">TIPO III<br \/>(pol-ekspress \u2013 \u041f\u041e\u041b-\u042d\u041a\u0421\u041f\u0420\u0415\u0421\u0421)<\/h4>\r\n<hr class=\"wp-block-separator has-text-color has-neve-button-color-color has-css-opacity has-neve-button-color-background-color has-background is-style-default\" \/><\/div>\r\n<p class=\"has-text-align-center\">4 horas-aula por semana de 50 minutos.<br \/>\u2013 Livro Start 1 conclu\u00eddo em 45 dias;<br \/>\u2013 Livros Start 2, 3, 4, e 5,\u00a0 cada livro conclu\u00eddo em 3 meses;<\/p>\r\n<\/div>\r\n<\/div>\r\n<\/div>\r\n<\/div>\r\n<\/div>\r\n<p>[\/vc_column_text][\/vc_column][\/vc_row][vc_row][vc_column][vc_empty_space height=&#8221;82px&#8221;][\/vc_column][\/vc_row]<\/p><\/section>","protected":false},"excerpt":{"rendered":"<p>[vc_row][vc_column][vc_column_text] Vantagens \u00a0 Entrega a domic\u00edlio Enviamos para todo o Brasil atrav\u00e9s do servi\u00e7o dos Correios, ent\u00e3o ao preencher sua ficha de matricula cheque duas vezes o endere\u00e7o. Material Exclusivo e f\u00edsico Todo em Russo, feito especificamente para falantes de portugu\u00eas e outras l\u00ednguas latinas. Com certificado Declara\u00e7\u00e3o de conclus\u00e3oao final de cada curso. \u00a0&hellip;&nbsp;<a href=\"https:\/\/culturaeslava.com\/home\/aula-online\/\" class=\"\" rel=\"bookmark\">Continue a ler &raquo;<span class=\"screen-reader-text\">Aulas Online<\/span><\/a><\/p>\n","protected":false},"author":2,"featured_media":0,"parent":0,"menu_order":0,"comment_status":"closed","ping_status":"closed","template":"","meta":{"neve_meta_sidebar":"","neve_meta_container":"","neve_meta_enable_content_width":"off","neve_meta_content_width":100,"neve_meta_title_alignment":"","neve_meta_author_avatar":"","neve_post_elements_order":"","neve_meta_disable_header":"","neve_meta_disable_footer":"","neve_meta_disable_title":"","_joinchat":[]},"aioseo_notices":[],"_links":{"self":[{"href":"https:\/\/culturaeslava.com\/home\/wp-json\/wp\/v2\/pages\/435"}],"collection":[{"href":"https:\/\/culturaeslava.com\/home\/wp-json\/wp\/v2\/pages"}],"about":[{"href":"https:\/\/culturaeslava.com\/home\/wp-json\/wp\/v2\/types\/page"}],"author":[{"embeddable":true,"href":"https:\/\/culturaeslava.com\/home\/wp-json\/wp\/v2\/users\/2"}],"replies":[{"embeddable":true,"href":"https:\/\/culturaeslava.com\/home\/wp-json\/wp\/v2\/comments?post=435"}],"version-history":[{"count":33,"href":"https:\/\/culturaeslava.com\/home\/wp-json\/wp\/v2\/pages\/435\/revisions"}],"predecessor-version":[{"id":1291,"href":"https:\/\/culturaeslava.com\/home\/wp-json\/wp\/v2\/pages\/435\/revisions\/1291"}],"wp:attachment":[{"href":"https:\/\/culturaeslava.com\/home\/wp-json\/wp\/v2\/media?parent=435"}],"curies":[{"name":"wp","href":"https:\/\/api.w.org\/{rel}","templated":true}]}}