{"id":530,"date":"2021-11-17T13:15:50","date_gmt":"2021-11-17T16:15:50","guid":{"rendered":"https:\/\/culturaeslava.com\/home\/?page_id=530"},"modified":"2024-12-06T12:04:29","modified_gmt":"2024-12-06T15:04:29","slug":"aula-presencial","status":"publish","type":"page","link":"https:\/\/culturaeslava.com\/home\/aula-presencial\/","title":{"rendered":"Aulas Presenciais"},"content":{"rendered":"\r\n<div class=\"is-layout-flex wp-container-12 wp-block-columns\">\r\n<div class=\"is-layout-flow wp-block-column is-vertically-aligned-center\">\r\n<div class=\"wp-block-spacer\" style=\"height: 38px;\" aria-hidden=\"true\">\u00a0<\/div>\r\n\r\n\r\n\r\n<h2>Vantagens<\/h2>\r\n\r\n\r\n\r\n<div class=\"is-layout-flex wp-container-3 wp-block-columns\">\r\n<div class=\"is-layout-flow wp-block-column\"><div class=\"wp-block-image\">\r\n<figure class=\"aligncenter size-large is-resized\"><img decoding=\"async\" loading=\"lazy\" class=\"wp-image-749\" src=\"http:\/\/culturaeslava.com\/home\/wp-content\/uploads\/2020\/01\/material-didatico-1013x1024.png\" alt=\"\" width=\"232\" height=\"235\" srcset=\"https:\/\/culturaeslava.com\/home\/wp-content\/uploads\/2020\/01\/material-didatico-1013x1024.png 1013w, https:\/\/culturaeslava.com\/home\/wp-content\/uploads\/2020\/01\/material-didatico-297x300.png 297w, https:\/\/culturaeslava.com\/home\/wp-content\/uploads\/2020\/01\/material-didatico-768x777.png 768w, https:\/\/culturaeslava.com\/home\/wp-content\/uploads\/2020\/01\/material-didatico-1519x1536.png 1519w, https:\/\/culturaeslava.com\/home\/wp-content\/uploads\/2020\/01\/material-didatico-2025x2048.png 2025w\" sizes=\"(max-width: 232px) 100vw, 232px\" \/><\/figure><\/div>\r\n\r\n\r\n<h3 class=\"has-text-align-center\">Material did\u00e1tico complementar<\/h3>\r\n\r\n\r\n\r\n<p class=\"has-text-align-center\">Acesso r\u00e1pido a dicion\u00e1rios e livros did\u00e1ticos complementares, apostila e exerc\u00edcios extraclasse.<\/p>\r\n<\/div>\r\n\r\n\r\n\r\n<div class=\"is-layout-flow wp-block-column\"><div class=\"wp-block-image\">\r\n<figure class=\"aligncenter size-large is-resized\"><img decoding=\"async\" loading=\"lazy\" class=\"wp-image-758\" src=\"https:\/\/culturaeslava.com\/home\/wp-content\/uploads\/2021\/11\/interacao-entre-professor-e-aluno-983x1024.png\" alt=\"\" width=\"234\" height=\"244\" srcset=\"https:\/\/culturaeslava.com\/home\/wp-content\/uploads\/2021\/11\/interacao-entre-professor-e-aluno-983x1024.png 983w, https:\/\/culturaeslava.com\/home\/wp-content\/uploads\/2021\/11\/interacao-entre-professor-e-aluno-288x300.png 288w, https:\/\/culturaeslava.com\/home\/wp-content\/uploads\/2021\/11\/interacao-entre-professor-e-aluno-768x800.png 768w, https:\/\/culturaeslava.com\/home\/wp-content\/uploads\/2021\/11\/interacao-entre-professor-e-aluno.png 999w\" sizes=\"(max-width: 234px) 100vw, 234px\" \/><\/figure><\/div>\r\n\r\n\r\n<h3 class=\"has-text-align-center\">Intera\u00e7\u00e3o do Aluno com o Professor<\/h3>\r\n\r\n\r\n\r\n<p class=\"has-text-align-center\">Nas aulas presenciais voc\u00ea pode tirar suas d\u00favidas com o professor, que pode sugerir novos exerc\u00edcios (quando for necess\u00e1rio).<\/p>\r\n<\/div>\r\n<\/div>\r\n\r\n\r\n\r\n<div class=\"is-layout-flex wp-container-7 wp-block-columns\">\r\n<div class=\"is-layout-flow wp-block-column\"><div class=\"wp-block-image\">\r\n<figure class=\"aligncenter size-large is-resized\"><img decoding=\"async\" loading=\"lazy\" class=\"wp-image-759\" src=\"https:\/\/culturaeslava.com\/home\/wp-content\/uploads\/2021\/11\/rotina-de-estudo-1024x889.png\" alt=\"\" width=\"256\" height=\"222\" srcset=\"https:\/\/culturaeslava.com\/home\/wp-content\/uploads\/2021\/11\/rotina-de-estudo-1024x889.png 1024w, https:\/\/culturaeslava.com\/home\/wp-content\/uploads\/2021\/11\/rotina-de-estudo-300x261.png 300w, https:\/\/culturaeslava.com\/home\/wp-content\/uploads\/2021\/11\/rotina-de-estudo-768x667.png 768w, https:\/\/culturaeslava.com\/home\/wp-content\/uploads\/2021\/11\/rotina-de-estudo-1536x1334.png 1536w, https:\/\/culturaeslava.com\/home\/wp-content\/uploads\/2021\/11\/rotina-de-estudo.png 1694w\" sizes=\"(max-width: 256px) 100vw, 256px\" \/><\/figure><\/div>\r\n\r\n\r\n<h3 class=\"has-text-align-center\">Organiza\u00e7\u00e3o de rotina<\/h3>\r\n\r\n\r\n\r\n<p class=\"has-text-align-center\">Por ter um local f\u00edsico e um hor\u00e1rio predefinido, o curso presencial estimula no aluno a forma\u00e7\u00e3o de uma rotina (aquisi\u00e7\u00e3o de h\u00e1bitos de estudo) que \u00e9 bastante ben\u00e9fica para o estudo.<\/p>\r\n<\/div>\r\n\r\n\r\n\r\n<div class=\"is-layout-flow wp-block-column\"><div class=\"wp-block-image\">\r\n<figure class=\"aligncenter size-large is-resized\"><img decoding=\"async\" loading=\"lazy\" class=\"wp-image-760\" src=\"https:\/\/culturaeslava.com\/home\/wp-content\/uploads\/2021\/11\/interacao-social-com-outros-alunos-1024x781.png\" alt=\"\" width=\"256\" height=\"195\" srcset=\"https:\/\/culturaeslava.com\/home\/wp-content\/uploads\/2021\/11\/interacao-social-com-outros-alunos-1024x781.png 1024w, https:\/\/culturaeslava.com\/home\/wp-content\/uploads\/2021\/11\/interacao-social-com-outros-alunos-300x229.png 300w, https:\/\/culturaeslava.com\/home\/wp-content\/uploads\/2021\/11\/interacao-social-com-outros-alunos-768x586.png 768w, https:\/\/culturaeslava.com\/home\/wp-content\/uploads\/2021\/11\/interacao-social-com-outros-alunos-1536x1171.png 1536w, https:\/\/culturaeslava.com\/home\/wp-content\/uploads\/2021\/11\/interacao-social-com-outros-alunos-2048x1562.png 2048w\" sizes=\"(max-width: 256px) 100vw, 256px\" \/><\/figure><\/div>\r\n\r\n\r\n<h3 class=\"has-text-align-center\">Intera\u00e7\u00e3o social entre alunos (conviv\u00eancia)<\/h3>\r\n\r\n\r\n\r\n<p class=\"has-text-align-center\">\u00c9 fato que o curso presencial favorece o estabelecimento de companheirismo, criando v\u00ednculos, entre os alunos de uma mesma turma.<\/p>\r\n<\/div>\r\n\r\n\r\n\r\n<div class=\"is-layout-flow wp-block-column\"><div class=\"wp-block-image\">\r\n<figure class=\"aligncenter size-large is-resized\"><img decoding=\"async\" loading=\"lazy\" class=\"wp-image-761\" src=\"https:\/\/culturaeslava.com\/home\/wp-content\/uploads\/2021\/11\/atencao-dedicada-951x1024.png\" alt=\"\" width=\"238\" height=\"256\" srcset=\"https:\/\/culturaeslava.com\/home\/wp-content\/uploads\/2021\/11\/atencao-dedicada-951x1024.png 951w, https:\/\/culturaeslava.com\/home\/wp-content\/uploads\/2021\/11\/atencao-dedicada-279x300.png 279w, https:\/\/culturaeslava.com\/home\/wp-content\/uploads\/2021\/11\/atencao-dedicada-768x827.png 768w, https:\/\/culturaeslava.com\/home\/wp-content\/uploads\/2021\/11\/atencao-dedicada-1426x1536.png 1426w, https:\/\/culturaeslava.com\/home\/wp-content\/uploads\/2021\/11\/atencao-dedicada-1901x2048.png 1901w\" sizes=\"(max-width: 238px) 100vw, 238px\" \/><\/figure><\/div>\r\n\r\n\r\n<h3 class=\"has-text-align-center\">Aten\u00e7\u00e3o focada<\/h3>\r\n\r\n\r\n\r\n<p class=\"has-text-align-center\">Com a presen\u00e7a f\u00edsica do aluno, o professor pode acompanh\u00e1-lo visualmente em sala de aula e verificar como o aluno est\u00e1 desenvolvendo os exerc\u00edcios.<\/p>\r\n<\/div>\r\n<\/div>\r\n\r\n\r\n\r\n<h2>Carga hor\u00e1ria<\/h2>\r\n\r\n\r\n\r\n<div class=\"is-layout-flex wp-container-10 wp-block-columns\">\r\n<div class=\"is-layout-flow wp-block-column is-vertically-aligned-center\" style=\"flex-basis: 50%;\">\r\n<h3 class=\"has-text-align-center\">TIPO III (pol-ekspress\u00a0 \u2013 \u041f\u041e\u041b-\u042d\u041a\u0421\u041f\u0420\u0415\u0421\u0421)<\/h3>\r\n\r\n\r\n<hr class=\"wp-block-separator has-text-color has-neve-button-color-color has-css-opacity has-neve-button-color-background-color has-background is-style-default\" \/>\r\n\r\n\r\n<p class=\"has-text-align-center\">4 horas-aula por semana de 50 minutos.<br \/>\u2013 Livro Start 1 conclu\u00eddo em 45 dias;<br \/>\u2013 Livros Start 2, 3, 4, 5, 6 e 7 conclu\u00eddo em 6 meses;<\/p>\r\n<\/div>\r\n\r\n\r\n\r\n<div class=\"is-layout-flow wp-block-column is-vertically-aligned-center\" style=\"flex-basis: 50%;\">\r\n<h3 class=\"has-text-align-center\">TIPO IV (ekspress\u00a0\u2013 \u044d\u043a\u0441\u043f\u0440\u0435\u0441\u0441)<\/h3>\r\n\r\n\r\n<hr class=\"wp-block-separator has-text-color has-neve-button-color-color has-css-opacity has-neve-button-color-background-color has-background is-style-default\" \/>\r\n\r\n\r\n<p class=\"has-text-align-center\">4 horas-aula por semana de 45 minutos.<\/p>\r\n<p class=\"has-text-align-center\">Livro Start 1 conclu\u00eddo em 45 dias;<br \/>Livro Start 4 conclu\u00eddo em 3 meses;<br \/>Livros Start 2, 3 e 5 conclu\u00eddos em 75 dias.<\/p>\r\n<\/div>\r\n<\/div>\r\n\r\n\r\n\r\n<p>&nbsp;<\/p>\r\n<\/div>\r\n<\/div>\r\n\r\n\r\n\r\n<div class=\"wp-block-cover alignfull\" style=\"min-height:300px\"><span aria-hidden=\"true\" class=\"wp-block-cover__background has-nv-dark-bg-background-color has-background-dim-100 has-background-dim\"><\/span><div class=\"wp-block-cover__inner-container\">\r\n<div style=\"height:140px\" aria-hidden=\"true\" class=\"wp-block-spacer\"><\/div>\r\n\r\n\r\n\r\n<h2 class=\"has-text-align-center has-nv-text-dark-bg-color has-text-color\" id=\"contatohome\">Matricule-se<\/h2>\r\n\r\n\r\n\r\n<p class=\"has-text-align-center\">Entraremos em contato com voc\u00ea!<\/p>\r\n\r\n\r\n\r\n<div class=\"is-layout-flex wp-container-17 wp-block-columns\">\r\n<div class=\"is-layout-flow wp-block-column\" style=\"flex-basis:15%\"><\/div>\r\n\r\n\r\n\r\n<div class=\"is-layout-flow wp-block-column\" style=\"flex-basis:40%\"><div class=\"wpforms-container wpforms-container-full\" id=\"wpforms-409\"><form id=\"wpforms-form-409\" class=\"wpforms-validate wpforms-form wpforms-ajax-form\" data-formid=\"409\" method=\"post\" enctype=\"multipart\/form-data\" action=\"\/home\/wp-json\/wp\/v2\/pages\/530\" data-token=\"616871bb57d9f065f46b756cbec2e768\"><noscript class=\"wpforms-error-noscript\">Ative o JavaScript no seu navegador para preencher este formul\u00e1rio.<\/noscript><div class=\"wpforms-field-container\"><div id=\"wpforms-409-field_0-container\" class=\"wpforms-field wpforms-field-name\" data-field-id=\"0\"><label class=\"wpforms-field-label\" for=\"wpforms-409-field_0\">Nome <span class=\"wpforms-required-label\">*<\/span><\/label><div class=\"wpforms-field-row wpforms-field-medium\"><div class=\"wpforms-field-row-block wpforms-first wpforms-one-half\"><input type=\"text\" id=\"wpforms-409-field_0\" class=\"wpforms-field-name-first wpforms-field-required\" name=\"wpforms[fields][0][first]\" required><label for=\"wpforms-409-field_0\" class=\"wpforms-field-sublabel after \">Nome<\/label><\/div><div class=\"wpforms-field-row-block wpforms-one-half\"><input type=\"text\" id=\"wpforms-409-field_0-last\" class=\"wpforms-field-name-last wpforms-field-required\" name=\"wpforms[fields][0][last]\" required><label for=\"wpforms-409-field_0-last\" class=\"wpforms-field-sublabel after \">Sobrenome<\/label><\/div><\/div><\/div><div id=\"wpforms-409-field_3-container\" class=\"wpforms-field wpforms-field-text wpforms-one-half wpforms-first\" data-field-id=\"3\"><label class=\"wpforms-field-label\" for=\"wpforms-409-field_3\">DDD+Telefone <span class=\"wpforms-required-label\">*<\/span><\/label><input type=\"text\" id=\"wpforms-409-field_3\" class=\"wpforms-field-medium wpforms-field-required\" name=\"wpforms[fields][3]\" required><div class=\"wpforms-field-description\">De prefer\u00eancia um n\u00famero com WhatsApp<\/div><\/div><div id=\"wpforms-409-field_4-container\" class=\"wpforms-field wpforms-field-select wpforms-one-half wpforms-field-select-style-classic\" data-field-id=\"4\"><label class=\"wpforms-field-label\" for=\"wpforms-409-field_4\">Curso de Interesse <span class=\"wpforms-required-label\">*<\/span><\/label><select id=\"wpforms-409-field_4\" class=\"wpforms-field-medium wpforms-field-required\" name=\"wpforms[fields][4]\" required=\"required\"><option value=\"ESCOLHA\" >ESCOLHA<\/option><option value=\"\u0421\u0422\u0410\u0420\u0422 \u2013 START\" >\u0421\u0422\u0410\u0420\u0422 \u2013 START<\/option><option value=\"\u041c\u0410\u042f\u041a \u2013 MA\u00cd\u00c1K\" >\u041c\u0410\u042f\u041a \u2013 MA\u00cd\u00c1K<\/option><\/select><\/div><div id=\"wpforms-409-field_1-container\" class=\"wpforms-field wpforms-field-email\" data-field-id=\"1\"><label class=\"wpforms-field-label\" for=\"wpforms-409-field_1\">Email <span class=\"wpforms-required-label\">*<\/span><\/label><input type=\"email\" id=\"wpforms-409-field_1\" class=\"wpforms-field-medium wpforms-field-required\" name=\"wpforms[fields][1]\" required><\/div><div id=\"wpforms-409-field_2-container\" class=\"wpforms-field wpforms-field-textarea\" data-field-id=\"2\"><label class=\"wpforms-field-label\" for=\"wpforms-409-field_2\">Observa\u00e7\u00f5es<\/label><textarea id=\"wpforms-409-field_2\" class=\"wpforms-field-medium\" name=\"wpforms[fields][2]\" ><\/textarea><\/div><\/div><div class=\"wpforms-recaptcha-container wpforms-is-hcaptcha\"><div class=\"g-recaptcha\" data-sitekey=\"8f0db214-ac43-49dc-94ce-fed6e88a68f9\"><\/div><input type=\"text\" name=\"g-recaptcha-hidden\" class=\"wpforms-recaptcha-hidden\" style=\"position:absolute!important;clip:rect(0,0,0,0)!important;height:1px!important;width:1px!important;border:0!important;overflow:hidden!important;padding:0!important;margin:0!important;\" required><\/div><div class=\"wpforms-submit-container\"><input type=\"hidden\" name=\"wpforms[id]\" value=\"409\"><input type=\"hidden\" name=\"wpforms[author]\" value=\"2\"><button type=\"submit\" name=\"wpforms[submit]\" id=\"wpforms-submit-409\" class=\"wpforms-submit\" data-alt-text=\"Enviando...\" data-submit-text=\"Enviar\" aria-live=\"assertive\" value=\"wpforms-submit\">Enviar<\/button><img src=\"https:\/\/culturaeslava.com\/home\/wp-content\/plugins\/wpforms-lite\/assets\/images\/submit-spin.svg\" class=\"wpforms-submit-spinner\" style=\"display: none;\" width=\"26\" height=\"26\" alt=\"A Carregar\"><\/div><\/form><\/div>  <!-- .wpforms-container -->\n<\/div>\r\n\r\n\r\n\r\n<div class=\"is-layout-flow wp-block-column is-vertically-aligned-top\" style=\"flex-basis:25%\">\r\n<h4 class=\"has-text-align-center\">WhatsApp<\/h4>\r\n\r\n\r\n\r\n<p class=\"has-text-align-center\">(21) 95902-8884<\/p>\r\n\r\n\r\n\r\n<h4 class=\"has-text-align-center\">Contatos<\/h4>\r\n\r\n\r\n\r\n<p class=\"has-text-align-center\">(21) 3923-5203<\/p>\r\n\r\n\r\n\r\n<h4 class=\"has-text-align-center\">Email<\/h4>\r\n\r\n\r\n\r\n<p class=\"has-text-align-center\">cult.eslava@gmail.com<\/p>\r\n<\/div>\r\n\r\n\r\n\r\n<div class=\"is-layout-flow wp-block-column\" style=\"flex-basis:15%\"><\/div>\r\n<\/div>\r\n\r\n\r\n\r\n<div style=\"height:140px\" aria-hidden=\"true\" class=\"wp-block-spacer\"><\/div>\r\n<\/div><\/div>\r\n","protected":false},"excerpt":{"rendered":"<p>Vantagens Material did\u00e1tico complementar Acesso r\u00e1pido a dicion\u00e1rios e livros did\u00e1ticos complementares, apostila e exerc\u00edcios extraclasse. Intera\u00e7\u00e3o do Aluno com o Professor Nas aulas presenciais voc\u00ea pode tirar suas d\u00favidas com o professor, que pode sugerir novos exerc\u00edcios (quando for necess\u00e1rio). Organiza\u00e7\u00e3o de rotina Por ter um local f\u00edsico e um hor\u00e1rio predefinido, o curso&hellip;&nbsp;<a href=\"https:\/\/culturaeslava.com\/home\/aula-presencial\/\" class=\"\" rel=\"bookmark\">Continue a ler &raquo;<span class=\"screen-reader-text\">Aulas Presenciais<\/span><\/a><\/p>\n","protected":false},"author":2,"featured_media":0,"parent":0,"menu_order":0,"comment_status":"closed","ping_status":"closed","template":"","meta":{"neve_meta_sidebar":"","neve_meta_container":"","neve_meta_enable_content_width":"off","neve_meta_content_width":100,"neve_meta_title_alignment":"","neve_meta_author_avatar":"","neve_post_elements_order":"","neve_meta_disable_header":"","neve_meta_disable_footer":"","neve_meta_disable_title":"","_joinchat":[]},"aioseo_notices":[],"_links":{"self":[{"href":"https:\/\/culturaeslava.com\/home\/wp-json\/wp\/v2\/pages\/530"}],"collection":[{"href":"https:\/\/culturaeslava.com\/home\/wp-json\/wp\/v2\/pages"}],"about":[{"href":"https:\/\/culturaeslava.com\/home\/wp-json\/wp\/v2\/types\/page"}],"author":[{"embeddable":true,"href":"https:\/\/culturaeslava.com\/home\/wp-json\/wp\/v2\/users\/2"}],"replies":[{"embeddable":true,"href":"https:\/\/culturaeslava.com\/home\/wp-json\/wp\/v2\/comments?post=530"}],"version-history":[{"count":12,"href":"https:\/\/culturaeslava.com\/home\/wp-json\/wp\/v2\/pages\/530\/revisions"}],"predecessor-version":[{"id":1244,"href":"https:\/\/culturaeslava.com\/home\/wp-json\/wp\/v2\/pages\/530\/revisions\/1244"}],"wp:attachment":[{"href":"https:\/\/culturaeslava.com\/home\/wp-json\/wp\/v2\/media?parent=530"}],"curies":[{"name":"wp","href":"https:\/\/api.w.org\/{rel}","templated":true}]}}