{"id":532,"date":"2021-11-17T13:16:00","date_gmt":"2021-11-17T16:16:00","guid":{"rendered":"https:\/\/culturaeslava.com\/home\/?page_id=532"},"modified":"2024-12-04T21:37:03","modified_gmt":"2024-12-05T00:37:03","slug":"nosso-metodo","status":"publish","type":"page","link":"https:\/\/culturaeslava.com\/home\/nosso-metodo\/","title":{"rendered":"Nosso m\u00e9todo"},"content":{"rendered":"\r\n<div class=\"wp-block-spacer\" style=\"height: 50px;\" aria-hidden=\"true\">\u00a0<\/div>\r\n\r\n\r\n\r\n<h2>Nosso m\u00e9todo<\/h2>\r\n\r\n\r\n\r\n<div class=\"is-layout-flex wp-container-3 wp-block-columns\">\r\n<div class=\"is-layout-flow wp-block-column is-vertically-aligned-top\" style=\"flex-basis: 55%;\"><div class=\"wp-block-image\">\r\n<figure class=\"aligncenter size-large\"><img decoding=\"async\" loading=\"lazy\" class=\"alignnone wp-image-1190 size-full\" src=\"https:\/\/culturaeslava.com\/home\/wp-content\/uploads\/2024\/12\/lhp.jpg\" alt=\"\" width=\"679\" height=\"524\" srcset=\"https:\/\/culturaeslava.com\/home\/wp-content\/uploads\/2024\/12\/lhp.jpg 679w, https:\/\/culturaeslava.com\/home\/wp-content\/uploads\/2024\/12\/lhp-300x232.jpg 300w\" sizes=\"(max-width: 679px) 100vw, 679px\" \/><\/figure><\/div><\/div>\r\n\r\n\r\n\r\n<div class=\"is-layout-flow wp-block-column is-vertically-aligned-center\" style=\"flex-basis: 45%;\">\r\n<h3><strong>O material did\u00e1tico que usamos na nossa escola de russo \u00e9 exclusivo.<\/strong><\/h3>\r\n\r\n\r\n\r\n<p>Isso quer dizer que ele n\u00e3o veio de fora para que n\u00f3s nos adapt\u00e1ssemos a ele, mas foi elaborado aqui para atender as necessidades espec\u00edficas dos brasileiros e dos outros falantes de l\u00ednguas latinas que desejam estudar o russo.<\/p>\r\n\r\n\r\n\r\n<p class=\"has-text-align-left has-neve-text-color-color has-text-color\">No estudo do russo, \u00e9 desafiador, para o aluno brasileiro ou para o falante de outras l\u00ednguas latinas, se comunicar de forma gramaticalmente correta, aprendendo todos os casos em que as modifica\u00e7\u00f5es das palavras ocorrem.<\/p>\r\n\r\n\r\n\r\n<p class=\"has-neve-text-color-color has-text-color\">Para falar bem o russo \u00e9 indispens\u00e1vel o conhecimento da sua gram\u00e1tica. Por\u00e9m, mesmo que o aluno n\u00e3o tenha conhecimentos gramaticais suficientes para uma comunica\u00e7\u00e3o mais perfeita, saber bastante vocabul\u00e1rio em russo j\u00e1 ajuda bastante a dominar a linguagem de comunica\u00e7\u00e3o.<\/p>\r\n<\/div>\r\n<\/div>\r\n\r\n\r\n\r\n<p class=\"has-neve-text-color-color has-text-color\"><strong>Sendo assim, o nosso m\u00e9todo trabalha muito o vocabul\u00e1rio russo, partindo das palavras de maior uso na comunica\u00e7\u00e3o para as palavras de menor uso, enquanto que o estudo da gram\u00e1tica, indispens\u00e1vel para a boa comunica\u00e7\u00e3o em russo, vai sendo feito aos poucos, etapa a etapa.<\/strong><\/p>\r\n\r\n\r\n\r\n<div class=\"wp-block-spacer\" style=\"height: 56px;\" aria-hidden=\"true\">\u00a0<\/div>\r\n\r\n\r\n\r\n<div class=\"wp-block-cover alignfull\" style=\"min-height: 600px;\">\r\n<div class=\"wp-block-cover__inner-container\">\r\n<div class=\"is-layout-flow wp-block-group alignwide\"><div class=\"wp-block-group__inner-container\">\r\n<div class=\"wp-block-spacer\" style=\"height: 80px;\" aria-hidden=\"true\">\u00a0<\/div>\r\n\r\n\r\n\r\n<div class=\"is-layout-flex wp-container-6 wp-block-columns alignwide are-vertically-aligned-center\">\r\n<div class=\"is-layout-flow wp-block-column is-vertically-aligned-center\" style=\"flex-basis: 50%;\">\r\n<h2 class=\"has-text-align-right has-nv-text-dark-bg-color has-text-color\"><span style=\"color: #333333;\"><strong><strong>Um idioma facilitador<\/strong><\/strong><\/span><\/h2>\r\n<span style=\"color: #333333;\">\r\n\r\n<\/span>\r\n<p class=\"has-text-align-right has-nv-text-dark-bg-color has-text-color\"><span style=\"color: #333333;\">Um foco muito importante, no nosso material did\u00e1tico, \u00e9 dado ao vocabul\u00e1rio, \u00e0 palavra, em si. Isso, porque a l\u00edngua russa possui um l\u00e9xico composto por menos palavras de origem latina do que as l\u00ednguas ocidentais (espanhol, franc\u00eas, italiano, ingl\u00eas, alem\u00e3o, etc.). Ent\u00e3o, precisamos trabalhar bem mais o vocabul\u00e1rio visando a sua fixa\u00e7\u00e3o, do que quando estudamos ingl\u00eas ou espanhol, por exemplo.<\/span><\/p>\r\n<span style=\"color: #333333;\">\r\n\r\n<\/span>\r\n<p class=\"has-text-align-right has-nv-text-dark-bg-color has-text-color\"><span style=\"color: #333333;\">O seu l\u00e9xico lembra e \u00e9 muito mais pr\u00f3ximo das l\u00ednguas da Europa Oriental, por isso, estudando o russo, vai ser mais f\u00e1cil estudar qualquer outra l\u00edngua que tenha o vocabul\u00e1rio pr\u00f3ximo ao russo (polon\u00eas, tcheco, b\u00falgaro, s\u00e9rvio, croata, eslovaco, esloveno, maced\u00f4nio, ucraniano, etc).<\/span><\/p>\r\n\r\n\r\n\r\n<div class=\"wp-block-spacer\" style=\"height: 20px;\" aria-hidden=\"true\">\u00a0<\/div>\r\n<\/div>\r\n\r\n\r\n\r\n<div class=\"is-layout-flow wp-block-column is-vertically-aligned-center\" style=\"flex-basis: 50%;\"><div class=\"wp-block-image\">\r\n<figure class=\"aligncenter size-full is-resized\"><img decoding=\"async\" loading=\"lazy\" class=\"wp-image-469\" src=\"http:\/\/culturaeslava.com\/home\/wp-content\/uploads\/2021\/11\/emoji-ensino-facilitador.png\" alt=\"\" width=\"368\" height=\"408\" srcset=\"https:\/\/culturaeslava.com\/home\/wp-content\/uploads\/2021\/11\/emoji-ensino-facilitador.png 687w, https:\/\/culturaeslava.com\/home\/wp-content\/uploads\/2021\/11\/emoji-ensino-facilitador-271x300.png 271w\" sizes=\"(max-width: 368px) 100vw, 368px\" \/><\/figure><\/div><\/div>\r\n<\/div>\r\n\r\n\r\n\r\n<p><span style=\"color: #333333;\">Sendo a l\u00edngua russa uma l\u00edngua declinada, uma mesma palavra pode assumir at\u00e9 12 formas diferentes, ou mais, dependendo da fun\u00e7\u00e3o sint\u00e1tica que ela ocupe na ora\u00e7\u00e3o.\u00a0 Ou seja, ao se estudar o russo, al\u00e9m de aprender a se comunicar, o aluno, naturalmente, recebe no\u00e7\u00f5es de gram\u00e1tica, que ser\u00e3o \u00fateis para o aprendizado de qualquer outro idioma. A l\u00edngua russa \u00e9 um excelente facilitador para a aprendizagem do portugu\u00eas ou de qualquer outra l\u00edngua indo-europeia.<\/span><\/p>\r\n<span style=\"color: #333333;\">\r\n\r\n<\/span>\r\n<p><span style=\"color: #333333;\">Assim ,\u00a0 no estudo do russo, torna-se desafiador, para o aluno\u00a0 se comunicar de forma gramaticalmente correta,\u00a0 aprendendo\u00a0 todos os casos em que as modifica\u00e7\u00f5es das palavras ocorrem.<\/span><\/p>\r\n\r\n\r\n\r\n<div class=\"wp-block-spacer\" style=\"height: 40px;\" aria-hidden=\"true\">\u00a0<\/div>\r\n<\/div><\/div>\r\n<\/div>\r\n<\/div>\r\n\r\n\r\n\r\n<div class=\"wp-block-cover alignfull\" style=\"min-height: 600px;\">\r\n<div class=\"wp-block-cover__inner-container\">\r\n<div class=\"is-layout-flow wp-block-group\"><div class=\"wp-block-group__inner-container\">\r\n<div class=\"wp-block-spacer\" style=\"height: 80px;\" aria-hidden=\"true\">\u00a0<\/div>\r\n\r\n\r\n\r\n<div class=\"is-layout-flex wp-container-10 wp-block-columns alignwide are-vertically-aligned-center\">\r\n<div class=\"is-layout-flow wp-block-column is-vertically-aligned-center\" style=\"flex-basis: 50%;\"><div class=\"wp-block-image\">\r\n<figure class=\"alignright size-full\"><img decoding=\"async\" loading=\"lazy\" width=\"749\" height=\"238\" class=\"wp-image-470\" src=\"http:\/\/culturaeslava.com\/home\/wp-content\/uploads\/2021\/11\/amor-liobov.png\" alt=\"\" srcset=\"https:\/\/culturaeslava.com\/home\/wp-content\/uploads\/2021\/11\/amor-liobov.png 749w, https:\/\/culturaeslava.com\/home\/wp-content\/uploads\/2021\/11\/amor-liobov-300x95.png 300w\" sizes=\"(max-width: 749px) 100vw, 749px\" \/><\/figure><\/div><\/div>\r\n\r\n\r\n\r\n<div class=\"is-layout-flow wp-block-column is-vertically-aligned-center\" style=\"flex-basis: 50%;\">\r\n<h2 class=\"has-neve-text-color-color has-text-color\"><span style=\"color: #333333;\"><strong><strong>A import\u00e2ncia da palavra\u00a0<\/strong><\/strong><\/span><\/h2>\r\n<span style=\"color: #333333;\">\r\n\r\n<\/span>\r\n<p class=\"has-neve-text-color-color has-text-color\"><span style=\"color: #333333;\">Ent\u00e3o, no russo, a corre\u00e7\u00e3o gramatical na comunica\u00e7\u00e3o adv\u00e9m da internaliza\u00e7\u00e3o da palavra e das termina\u00e7\u00f5es que ela pode assumir em cada caso. Sendo assim, o nosso m\u00e9todo trabalha muito o vocabul\u00e1rio,\u00a0 partindo das palavras de maior uso na comunica\u00e7\u00e3o para as palavras de menor uso, apresentando cada caso , pouco a pouco, visando , sempre, ampliar o vocabul\u00e1rio, o potencial de comunica\u00e7\u00e3o e o conhecimento gramatical\u00a0do nosso aluno.<\/span><\/p>\r\n<\/div>\r\n<\/div>\r\n\r\n\r\n\r\n<div class=\"wp-block-spacer\" style=\"height: 40px;\" aria-hidden=\"true\">\u00a0<\/div>\r\n<\/div><\/div>\r\n<\/div>\r\n<\/div>\r\n","protected":false},"excerpt":{"rendered":"<p>Nosso m\u00e9todo O material did\u00e1tico que usamos na nossa escola de russo \u00e9 exclusivo. Isso quer dizer que ele n\u00e3o veio de fora para que n\u00f3s nos adapt\u00e1ssemos a ele, mas foi elaborado aqui para atender as necessidades espec\u00edficas dos brasileiros e dos outros falantes de l\u00ednguas latinas que desejam estudar o russo. No estudo&hellip;&nbsp;<a href=\"https:\/\/culturaeslava.com\/home\/nosso-metodo\/\" class=\"\" rel=\"bookmark\">Continue a ler &raquo;<span class=\"screen-reader-text\">Nosso m\u00e9todo<\/span><\/a><\/p>\n","protected":false},"author":2,"featured_media":0,"parent":0,"menu_order":0,"comment_status":"closed","ping_status":"closed","template":"","meta":{"neve_meta_sidebar":"","neve_meta_container":"","neve_meta_enable_content_width":"off","neve_meta_content_width":100,"neve_meta_title_alignment":"","neve_meta_author_avatar":"","neve_post_elements_order":"","neve_meta_disable_header":"","neve_meta_disable_footer":"","neve_meta_disable_title":"on","_joinchat":[]},"aioseo_notices":[],"_links":{"self":[{"href":"https:\/\/culturaeslava.com\/home\/wp-json\/wp\/v2\/pages\/532"}],"collection":[{"href":"https:\/\/culturaeslava.com\/home\/wp-json\/wp\/v2\/pages"}],"about":[{"href":"https:\/\/culturaeslava.com\/home\/wp-json\/wp\/v2\/types\/page"}],"author":[{"embeddable":true,"href":"https:\/\/culturaeslava.com\/home\/wp-json\/wp\/v2\/users\/2"}],"replies":[{"embeddable":true,"href":"https:\/\/culturaeslava.com\/home\/wp-json\/wp\/v2\/comments?post=532"}],"version-history":[{"count":20,"href":"https:\/\/culturaeslava.com\/home\/wp-json\/wp\/v2\/pages\/532\/revisions"}],"predecessor-version":[{"id":1230,"href":"https:\/\/culturaeslava.com\/home\/wp-json\/wp\/v2\/pages\/532\/revisions\/1230"}],"wp:attachment":[{"href":"https:\/\/culturaeslava.com\/home\/wp-json\/wp\/v2\/media?parent=532"}],"curies":[{"name":"wp","href":"https:\/\/api.w.org\/{rel}","templated":true}]}}