{"id":61,"date":"2020-01-23T18:21:52","date_gmt":"2020-01-23T21:21:52","guid":{"rendered":"https:\/\/demosites.io\/web-agency-gb\/?page_id=61"},"modified":"2023-02-08T18:08:17","modified_gmt":"2023-02-08T21:08:17","slug":"a-cultura-eslava","status":"publish","type":"page","link":"https:\/\/culturaeslava.com\/home\/a-cultura-eslava\/","title":{"rendered":"A Cultura Eslava"},"content":{"rendered":"\n<div class=\"wp-block-cover alignfull\" style=\"min-height:600px\"><span aria-hidden=\"true\" class=\"wp-block-cover__background has-nv-light-bg-background-color has-background-dim-100 has-background-dim\"><\/span><div class=\"wp-block-cover__inner-container\">\n<div class=\"is-layout-flow wp-block-group\"><div class=\"wp-block-group__inner-container\">\n<div style=\"height:21px\" aria-hidden=\"true\" class=\"wp-block-spacer\"><\/div>\n\n\n\n<h2 class=\"has-text-align-left has-neve-text-color-color has-text-color\">A Cultura Eslava<\/h2>\n\n\n\n<div class=\"is-layout-flex wp-container-3 wp-block-columns are-vertically-aligned-center\">\n<div class=\"is-layout-flow wp-block-column is-vertically-aligned-center\" style=\"flex-basis:50%\"><div class=\"wp-block-image\">\n<figure class=\"alignright size-large\"><img decoding=\"async\" loading=\"lazy\" width=\"1024\" height=\"617\" src=\"https:\/\/culturaeslava.com\/home\/wp-content\/uploads\/2021\/11\/data-1998-1024x617.png\" alt=\"\" class=\"wp-image-464\" srcset=\"https:\/\/culturaeslava.com\/home\/wp-content\/uploads\/2021\/11\/data-1998-1024x617.png 1024w, https:\/\/culturaeslava.com\/home\/wp-content\/uploads\/2021\/11\/data-1998-300x181.png 300w, https:\/\/culturaeslava.com\/home\/wp-content\/uploads\/2021\/11\/data-1998-768x463.png 768w, https:\/\/culturaeslava.com\/home\/wp-content\/uploads\/2021\/11\/data-1998-1536x925.png 1536w, https:\/\/culturaeslava.com\/home\/wp-content\/uploads\/2021\/11\/data-1998.png 1600w\" sizes=\"(max-width: 1024px) 100vw, 1024px\" \/><\/figure><\/div><\/div>\n\n\n\n<div class=\"is-layout-flow wp-block-column is-vertically-aligned-center\" style=\"flex-basis:50%\">\n<h2 class=\"has-neve-text-color-color has-text-color\"><strong>Como come\u00e7ou a nossa hist\u00f3ria<\/strong>?<\/h2>\n\n\n\n<p class=\"has-neve-text-color-color has-text-color\">         A nossa escola de l\u00edngua russa existe desde 1998 sendo, moralmente, a sucessora do Instituto Brasil-Uni\u00e3o Sovi\u00e9tica, curso de russo, que funcionou desde 1953 at\u00e9 1998.<\/p>\n\n\n\n<p class=\"has-neve-text-color-color has-text-color\">         Com o fim da Uni\u00e3o Sovi\u00e9tica, em 1991, o antigo instituto come\u00e7ou a se desorganizar at\u00e9 desaparecer completamente, no dia 02 de mar\u00e7o de 1998. Sabendo da import\u00e2ncia do ensino da l\u00edngua russa, uma senhora de origem russa e uma professora do Instituto Brasil-Uni\u00e3o Sovi\u00e9tica organizaram as bases da nova institui\u00e7\u00e3o, que passou a existir a partir do dia 06 de mar\u00e7o de 1998, com o nome de Centro de Cultura Eslava.<\/p>\n<\/div>\n<\/div>\n\n\n\n<div style=\"height:40px\" aria-hidden=\"true\" class=\"wp-block-spacer\"><\/div>\n<\/div><\/div>\n<\/div><\/div>\n\n\n\n<div class=\"wp-block-cover alignfull\" style=\"min-height:600px\"><span aria-hidden=\"true\" class=\"wp-block-cover__background has-nv-dark-bg-background-color has-background-dim-100 has-background-dim\"><\/span><div class=\"wp-block-cover__inner-container\">\n<div class=\"is-layout-flow wp-block-group\"><div class=\"wp-block-group__inner-container\">\n<div style=\"height:80px\" aria-hidden=\"true\" class=\"wp-block-spacer\"><\/div>\n\n\n\n<div class=\"is-layout-flex wp-container-7 wp-block-columns are-vertically-aligned-center\">\n<div class=\"is-layout-flow wp-block-column is-vertically-aligned-center\" style=\"flex-basis:50%\">\n<h2 class=\"has-text-align-right has-nv-text-dark-bg-color has-text-color\"><strong>O que n\u00f3s somos?<\/strong><\/h2>\n\n\n\n<p class=\"has-text-align-right has-nv-text-dark-bg-color has-text-color\">N\u00f3s, oficial e legalmente, estamos constitu\u00eddos como um instituto de russo, sendo uma das poucas escolas desse idioma com aulas presenciais, em nosso pa\u00eds. Desde a nossa cria\u00e7\u00e3o, at\u00e9 hoje, uma das coisas que mais nos instigaram foi a cria\u00e7\u00e3o de um material did\u00e1tico todo em russo, mas pr\u00f3prio para os brasileiros e para os falantes de&nbsp; outras l\u00ednguas latinas.<\/p>\n\n\n\n<div style=\"height:20px\" aria-hidden=\"true\" class=\"wp-block-spacer\"><\/div>\n\n\n\n<div style=\"height:20px\" aria-hidden=\"true\" class=\"wp-block-spacer\"><\/div>\n<\/div>\n\n\n\n<div class=\"is-layout-flow wp-block-column is-vertically-aligned-center\" style=\"flex-basis:50%\">\n<figure class=\"wp-block-image size-full is-resized\"><img decoding=\"async\" loading=\"lazy\" src=\"http:\/\/culturaeslava.com\/home\/wp-content\/uploads\/2021\/11\/mapa-brasil.png\" alt=\"\" class=\"wp-image-399\" width=\"515\" height=\"499\" srcset=\"https:\/\/culturaeslava.com\/home\/wp-content\/uploads\/2021\/11\/mapa-brasil.png 787w, https:\/\/culturaeslava.com\/home\/wp-content\/uploads\/2021\/11\/mapa-brasil-300x291.png 300w, https:\/\/culturaeslava.com\/home\/wp-content\/uploads\/2021\/11\/mapa-brasil-768x745.png 768w\" sizes=\"(max-width: 515px) 100vw, 515px\" \/><\/figure>\n<\/div>\n<\/div>\n\n\n\n<div style=\"height:40px\" aria-hidden=\"true\" class=\"wp-block-spacer\"><\/div>\n<\/div><\/div>\n<\/div><\/div>\n\n\n\n<div class=\"wp-block-cover alignfull\" style=\"min-height:600px\"><span aria-hidden=\"true\" class=\"wp-block-cover__background has-nv-site-bg-background-color has-background-dim-100 has-background-dim\"><\/span><div class=\"wp-block-cover__inner-container\">\n<div class=\"is-layout-flow wp-block-group\"><div class=\"wp-block-group__inner-container\">\n<div style=\"height:80px\" aria-hidden=\"true\" class=\"wp-block-spacer\"><\/div>\n\n\n\n<div class=\"is-layout-flex wp-container-11 wp-block-columns are-vertically-aligned-center\">\n<div class=\"is-layout-flow wp-block-column is-vertically-aligned-center\" style=\"flex-basis:50%\"><div class=\"wp-block-image\">\n<figure class=\"alignright size-full\"><img decoding=\"async\" loading=\"lazy\" width=\"666\" height=\"295\" src=\"http:\/\/culturaeslava.com\/home\/wp-content\/uploads\/2021\/11\/didatico-e-dado-a-palavra.png\" alt=\"\" class=\"wp-image-468\" srcset=\"https:\/\/culturaeslava.com\/home\/wp-content\/uploads\/2021\/11\/didatico-e-dado-a-palavra.png 666w, https:\/\/culturaeslava.com\/home\/wp-content\/uploads\/2021\/11\/didatico-e-dado-a-palavra-300x133.png 300w\" sizes=\"(max-width: 666px) 100vw, 666px\" \/><\/figure><\/div><\/div>\n\n\n\n<div class=\"is-layout-flow wp-block-column is-vertically-aligned-center\" style=\"flex-basis:50%\">\n<h2 class=\"has-neve-text-color-color has-text-color\"><strong><strong>A Evolu\u00e7\u00e3o, um dos nossos valores.<\/strong><\/strong><\/h2>\n\n\n\n<p class=\"has-neve-text-color-color has-text-color\">          Desde a nossa cria\u00e7\u00e3o, como curso de russo, uma das grandes preocupa\u00e7\u00f5es do nosso instituto \u00e9 com o material did\u00e1tico, nos dedicando sempre a produzir um material original e de qualidade para o ensino da l\u00edngua russa. Ao longo da nossa hist\u00f3ria, fizemos onze vers\u00f5es do material did\u00e1tico, almejando sempre melhorar o n\u00edvel de conhecimento e a comunica\u00e7\u00e3o em russo, facilitando o acesso a esse idioma que, al\u00e9m de ser uma das l\u00ednguas oficiais das Na\u00e7\u00f5es Unidas (ONU) \u00e9 dono de um patrim\u00f4nio cultural inestim\u00e1vel.<\/p>\n<\/div>\n<\/div>\n\n\n\n<div style=\"height:40px\" aria-hidden=\"true\" class=\"wp-block-spacer\"><\/div>\n<\/div><\/div>\n<\/div><\/div>\n\n\n\r\n<div class=\"wp-block-cover alignfull\" style=\"min-height:300px\"><span aria-hidden=\"true\" class=\"wp-block-cover__background has-nv-dark-bg-background-color has-background-dim-100 has-background-dim\"><\/span><div class=\"wp-block-cover__inner-container\">\r\n<div style=\"height:140px\" aria-hidden=\"true\" class=\"wp-block-spacer\"><\/div>\r\n\r\n\r\n\r\n<h2 class=\"has-text-align-center has-nv-text-dark-bg-color has-text-color\" id=\"contatohome\">Matricule-se<\/h2>\r\n\r\n\r\n\r\n<p class=\"has-text-align-center\">Entraremos em contato com voc\u00ea!<\/p>\r\n\r\n\r\n\r\n<div class=\"is-layout-flex wp-container-17 wp-block-columns\">\r\n<div class=\"is-layout-flow wp-block-column\" style=\"flex-basis:15%\"><\/div>\r\n\r\n\r\n\r\n<div class=\"is-layout-flow wp-block-column\" style=\"flex-basis:40%\"><div class=\"wpforms-container wpforms-container-full\" id=\"wpforms-409\"><form id=\"wpforms-form-409\" class=\"wpforms-validate wpforms-form wpforms-ajax-form\" data-formid=\"409\" method=\"post\" enctype=\"multipart\/form-data\" action=\"\/home\/wp-json\/wp\/v2\/pages\/61\" data-token=\"616871bb57d9f065f46b756cbec2e768\"><noscript class=\"wpforms-error-noscript\">Ative o JavaScript no seu navegador para preencher este formul\u00e1rio.<\/noscript><div class=\"wpforms-field-container\"><div id=\"wpforms-409-field_0-container\" class=\"wpforms-field wpforms-field-name\" data-field-id=\"0\"><label class=\"wpforms-field-label\" for=\"wpforms-409-field_0\">Nome <span class=\"wpforms-required-label\">*<\/span><\/label><div class=\"wpforms-field-row wpforms-field-medium\"><div class=\"wpforms-field-row-block wpforms-first wpforms-one-half\"><input type=\"text\" id=\"wpforms-409-field_0\" class=\"wpforms-field-name-first wpforms-field-required\" name=\"wpforms[fields][0][first]\" required><label for=\"wpforms-409-field_0\" class=\"wpforms-field-sublabel after \">Nome<\/label><\/div><div class=\"wpforms-field-row-block wpforms-one-half\"><input type=\"text\" id=\"wpforms-409-field_0-last\" class=\"wpforms-field-name-last wpforms-field-required\" name=\"wpforms[fields][0][last]\" required><label for=\"wpforms-409-field_0-last\" class=\"wpforms-field-sublabel after \">Sobrenome<\/label><\/div><\/div><\/div><div id=\"wpforms-409-field_3-container\" class=\"wpforms-field wpforms-field-text wpforms-one-half wpforms-first\" data-field-id=\"3\"><label class=\"wpforms-field-label\" for=\"wpforms-409-field_3\">DDD+Telefone <span class=\"wpforms-required-label\">*<\/span><\/label><input type=\"text\" id=\"wpforms-409-field_3\" class=\"wpforms-field-medium wpforms-field-required\" name=\"wpforms[fields][3]\" required><div class=\"wpforms-field-description\">De prefer\u00eancia um n\u00famero com WhatsApp<\/div><\/div><div id=\"wpforms-409-field_4-container\" class=\"wpforms-field wpforms-field-select wpforms-one-half wpforms-field-select-style-classic\" data-field-id=\"4\"><label class=\"wpforms-field-label\" for=\"wpforms-409-field_4\">Curso de Interesse <span class=\"wpforms-required-label\">*<\/span><\/label><select id=\"wpforms-409-field_4\" class=\"wpforms-field-medium wpforms-field-required\" name=\"wpforms[fields][4]\" required=\"required\"><option value=\"ESCOLHA\" >ESCOLHA<\/option><option value=\"\u0421\u0422\u0410\u0420\u0422 \u2013 START\" >\u0421\u0422\u0410\u0420\u0422 \u2013 START<\/option><option value=\"\u041c\u0410\u042f\u041a \u2013 MA\u00cd\u00c1K\" >\u041c\u0410\u042f\u041a \u2013 MA\u00cd\u00c1K<\/option><\/select><\/div><div id=\"wpforms-409-field_1-container\" class=\"wpforms-field wpforms-field-email\" data-field-id=\"1\"><label class=\"wpforms-field-label\" for=\"wpforms-409-field_1\">Email <span class=\"wpforms-required-label\">*<\/span><\/label><input type=\"email\" id=\"wpforms-409-field_1\" class=\"wpforms-field-medium wpforms-field-required\" name=\"wpforms[fields][1]\" required><\/div><div id=\"wpforms-409-field_2-container\" class=\"wpforms-field wpforms-field-textarea\" data-field-id=\"2\"><label class=\"wpforms-field-label\" for=\"wpforms-409-field_2\">Observa\u00e7\u00f5es<\/label><textarea id=\"wpforms-409-field_2\" class=\"wpforms-field-medium\" name=\"wpforms[fields][2]\" ><\/textarea><\/div><\/div><div class=\"wpforms-recaptcha-container wpforms-is-hcaptcha\"><div class=\"g-recaptcha\" data-sitekey=\"8f0db214-ac43-49dc-94ce-fed6e88a68f9\"><\/div><input type=\"text\" name=\"g-recaptcha-hidden\" class=\"wpforms-recaptcha-hidden\" style=\"position:absolute!important;clip:rect(0,0,0,0)!important;height:1px!important;width:1px!important;border:0!important;overflow:hidden!important;padding:0!important;margin:0!important;\" required><\/div><div class=\"wpforms-submit-container\"><input type=\"hidden\" name=\"wpforms[id]\" value=\"409\"><input type=\"hidden\" name=\"wpforms[author]\" value=\"2\"><button type=\"submit\" name=\"wpforms[submit]\" id=\"wpforms-submit-409\" class=\"wpforms-submit\" data-alt-text=\"Enviando...\" data-submit-text=\"Enviar\" aria-live=\"assertive\" value=\"wpforms-submit\">Enviar<\/button><img src=\"https:\/\/culturaeslava.com\/home\/wp-content\/plugins\/wpforms-lite\/assets\/images\/submit-spin.svg\" class=\"wpforms-submit-spinner\" style=\"display: none;\" width=\"26\" height=\"26\" alt=\"A Carregar\"><\/div><\/form><\/div>  <!-- .wpforms-container -->\n<\/div>\r\n\r\n\r\n\r\n<div class=\"is-layout-flow wp-block-column is-vertically-aligned-top\" style=\"flex-basis:25%\">\r\n<h4 class=\"has-text-align-center\">WhatsApp<\/h4>\r\n\r\n\r\n\r\n<p class=\"has-text-align-center\">(21) 95902-8884<\/p>\r\n\r\n\r\n\r\n<h4 class=\"has-text-align-center\">Contatos<\/h4>\r\n\r\n\r\n\r\n<p class=\"has-text-align-center\">(21) 3923-5203<\/p>\r\n\r\n\r\n\r\n<h4 class=\"has-text-align-center\">Email<\/h4>\r\n\r\n\r\n\r\n<p class=\"has-text-align-center\">cult.eslava@gmail.com<\/p>\r\n<\/div>\r\n\r\n\r\n\r\n<div class=\"is-layout-flow wp-block-column\" style=\"flex-basis:15%\"><\/div>\r\n<\/div>\r\n\r\n\r\n\r\n<div style=\"height:140px\" aria-hidden=\"true\" class=\"wp-block-spacer\"><\/div>\r\n<\/div><\/div>\r\n","protected":false},"excerpt":{"rendered":"A Cultura Eslava Como come\u00e7ou a nossa hist\u00f3ria? A nossa escola de l\u00edngua russa existe desde 1998 sendo, moralmente, a sucessora do Instituto Brasil-Uni\u00e3o Sovi\u00e9tica, curso de russo, que funcionou desde 1953 at\u00e9 1998. Com o fim da Uni\u00e3o Sovi\u00e9tica, em 1991, o antigo instituto come\u00e7ou a se desorganizar at\u00e9 desaparecer completamente, no dia 02<a href=\"https:\/\/culturaeslava.com\/home\/a-cultura-eslava\/\" class=\"\" rel=\"bookmark\">Continue a ler &raquo;<span class=\"screen-reader-text\">A Cultura Eslava<\/span><\/a>","protected":false},"author":2,"featured_media":0,"parent":0,"menu_order":0,"comment_status":"closed","ping_status":"closed","template":"","meta":{"neve_meta_sidebar":"default","neve_meta_container":"default","neve_meta_enable_content_width":"on","neve_meta_content_width":100,"neve_meta_title_alignment":"","neve_meta_author_avatar":"","neve_post_elements_order":"","neve_meta_disable_header":"","neve_meta_disable_footer":"","neve_meta_disable_title":"on","_joinchat":[]},"aioseo_notices":[],"_links":{"self":[{"href":"https:\/\/culturaeslava.com\/home\/wp-json\/wp\/v2\/pages\/61"}],"collection":[{"href":"https:\/\/culturaeslava.com\/home\/wp-json\/wp\/v2\/pages"}],"about":[{"href":"https:\/\/culturaeslava.com\/home\/wp-json\/wp\/v2\/types\/page"}],"author":[{"embeddable":true,"href":"https:\/\/culturaeslava.com\/home\/wp-json\/wp\/v2\/users\/2"}],"replies":[{"embeddable":true,"href":"https:\/\/culturaeslava.com\/home\/wp-json\/wp\/v2\/comments?post=61"}],"version-history":[{"count":8,"href":"https:\/\/culturaeslava.com\/home\/wp-json\/wp\/v2\/pages\/61\/revisions"}],"predecessor-version":[{"id":873,"href":"https:\/\/culturaeslava.com\/home\/wp-json\/wp\/v2\/pages\/61\/revisions\/873"}],"wp:attachment":[{"href":"https:\/\/culturaeslava.com\/home\/wp-json\/wp\/v2\/media?parent=61"}],"curies":[{"name":"wp","href":"https:\/\/api.w.org\/{rel}","templated":true}]}}