{"id":75,"date":"2020-01-27T08:29:32","date_gmt":"2020-01-27T11:29:32","guid":{"rendered":"https:\/\/demosites.io\/web-agency-gb\/?page_id=75"},"modified":"2023-03-23T20:07:17","modified_gmt":"2023-03-23T23:07:17","slug":"fale-conosco","status":"publish","type":"page","link":"https:\/\/culturaeslava.com\/home\/fale-conosco\/","title":{"rendered":"Fale conosco"},"content":{"rendered":"\r\n<div class=\"wp-block-cover alignfull has-nv-site-bg-background-color has-background-dim\" style=\"min-height: 300px;\">\r\n<div class=\"wp-block-cover__inner-container\">\r\n<div class=\"is-layout-flow wp-block-group\"><div class=\"wp-block-group__inner-container\">\r\n<h1 class=\"has-text-align-left has-neve-text-color-color has-text-color\">Entre em contato!<\/h1>\r\n<\/div><\/div>\r\n<\/div>\r\n<\/div>\r\n\r\n\r\n\r\n<div class=\"wp-block-cover alignfull has-nv-light-bg-background-color has-background-dim\" style=\"min-height: 420px;\">\r\n<div class=\"wp-block-cover__inner-container\">\r\n<div class=\"wp-block-spacer\" style=\"height: 65px;\" aria-hidden=\"true\">\u00a0<\/div>\r\n\r\n\r\n\r\n<div class=\"is-layout-flex wp-container-6 wp-block-columns\">\r\n<div class=\"is-layout-flow wp-block-column ticss-4ce656f1\">\r\n<div class=\"wp-block-spacer\" style=\"height: 24px;\" aria-hidden=\"true\">\u00a0<\/div>\r\n\r\n\r\n\r\n<div class=\"wp-block-image icon-style is-style-default\">\r\n<figure class=\"aligncenter size-large\"><img decoding=\"async\" loading=\"lazy\" width=\"63\" height=\"63\" class=\"wp-image-304\" src=\"http:\/\/culturaeslava.com\/home\/wp-content\/uploads\/2021\/06\/phone-sm.png\" alt=\"\" \/><\/figure>\r\n<\/div>\r\n\r\n\r\n\r\n<h3 class=\"has-text-align-center has-neve-text-color-color has-text-color\">Telefones<\/h3>\r\n\r\n\r\n\r\n<p class=\"has-text-align-center has-neve-text-color-color has-text-color\" style=\"font-size: 15px;\">(21) 3923-5203<br \/>(21) 2221-3967<\/p>\r\n\r\n\r\n\r\n<div class=\"wp-block-spacer\" style=\"height: 24px;\" aria-hidden=\"true\">\u00a0<\/div>\r\n<\/div>\r\n\r\n\r\n\r\n<div class=\"is-layout-flow wp-block-column ticss-4ce656f1\">\r\n<div class=\"wp-block-spacer\" style=\"height: 24px;\" aria-hidden=\"true\">\u00a0<\/div>\r\n\r\n\r\n\r\n<div class=\"wp-block-image icon-style is-style-default\">\r\n<figure class=\"aligncenter size-full\"><img decoding=\"async\" loading=\"lazy\" width=\"63\" height=\"63\" class=\"wp-image-593\" src=\"https:\/\/culturaeslava.com\/home\/wp-content\/uploads\/2021\/11\/whatsapp-sm.png\" alt=\"\" \/><\/figure>\r\n<\/div>\r\n\r\n\r\n\r\n<h3 class=\"has-text-align-center has-neve-text-color-color has-text-color\">WhatsApp<\/h3>\r\n\r\n\r\n\r\n<p class=\"has-text-align-center has-neve-text-color-color has-text-color\" style=\"font-size: 15px;\">(21) 95902-8884<\/p>\r\n\r\n\r\n\r\n<div class=\"wp-block-spacer\" style=\"height: 24px;\" aria-hidden=\"true\">\u00a0<\/div>\r\n<\/div>\r\n\r\n\r\n\r\n<div class=\"is-layout-flow wp-block-column ticss-f6fc7494\">\r\n<div class=\"wp-block-spacer\" style=\"height: 24px;\" aria-hidden=\"true\">\u00a0<\/div>\r\n\r\n\r\n\r\n<div class=\"wp-block-image icon-style is-style-default\">\r\n<figure class=\"aligncenter size-large\"><img decoding=\"async\" class=\"wp-image-306\" src=\"http:\/\/culturaeslava.com\/home\/wp-content\/uploads\/2021\/06\/email-sm.png\" alt=\"\" \/><\/figure>\r\n<\/div>\r\n\r\n\r\n\r\n<h3 class=\"has-text-align-center has-neve-text-color-color has-text-color\">Email<\/h3>\r\n\r\n\r\n\r\n<p class=\"has-text-align-center\" style=\"font-size: 15px;\"><a href=\"mailto:cult.eslava@gmail.com\" target=\"_blank\" rel=\"noreferrer noopener\">cult.eslava@gmail.com<\/a><\/p>\r\n\r\n\r\n\r\n<div class=\"wp-block-spacer\" style=\"height: 24px;\" aria-hidden=\"true\">\u00a0<\/div>\r\n<\/div>\r\n\r\n\r\n\r\n<div class=\"is-layout-flow wp-block-column ticss-a5b4df29\">\r\n<div class=\"wp-block-spacer\" style=\"height: 24px;\" aria-hidden=\"true\">\u00a0<\/div>\r\n\r\n\r\n\r\n<div class=\"wp-block-image icon-style is-style-default\">\r\n<figure class=\"aligncenter size-large\"><img decoding=\"async\" loading=\"lazy\" width=\"49\" height=\"65\" class=\"wp-image-305\" src=\"http:\/\/culturaeslava.com\/home\/wp-content\/uploads\/2021\/06\/location-sm.png\" alt=\"\" \/><\/figure>\r\n<\/div>\r\n\r\n\r\n\r\n<h3 class=\"has-text-align-center has-neve-text-color-color has-text-color\">Endere\u00e7o<\/h3>\r\n\r\n\r\n\r\n<p class=\"has-text-align-center has-neve-text-color-color has-text-color\" style=\"font-size: 15px;\">Rua da Lapa, 65 &#8211; 201 &#8211; Centro, Rio de Janeiro &#8211; RJ, 20021-180<\/p>\r\n\r\n\r\n\r\n<div class=\"wp-block-spacer\" style=\"height: 24px;\" aria-hidden=\"true\">\u00a0<\/div>\r\n<\/div>\r\n<\/div>\r\n\r\n\r\n\r\n<p class=\"has-text-align-center has-nv-dark-bg-color has-text-color\">Hor\u00e1rios de funcionamento:<br \/>Da segunda \u00e0 sexta-feira, das 09h \u00e0s 19h<br \/>S\u00e1bado, das 12h \u00e0s 17h<\/p>\r\n\r\n\r\n\r\n<div class=\"wp-block-spacer\" style=\"height: 50px;\" aria-hidden=\"true\">\u00a0<\/div>\r\n<\/div>\r\n<\/div>\r\n\r\n\r\n\r\n<div class=\"wp-block-cover alignfull has-nv-dark-bg-background-color has-background-dim\" style=\"min-height: 600px;\">\r\n<div class=\"wp-block-cover__inner-container\">\r\n<div class=\"is-layout-flow wp-block-group\"><div class=\"wp-block-group__inner-container\">\r\n<div class=\"wp-block-spacer\" style=\"height: 80px;\" aria-hidden=\"true\">\u00a0<\/div>\r\n\r\n\r\n\r\n<div class=\"is-layout-flex wp-container-9 wp-block-columns are-vertically-aligned-center\">\r\n<div class=\"is-layout-flow wp-block-column is-vertically-aligned-center\" style=\"flex-basis: 50%;\">\r\n<h2 class=\"has-text-align-center has-nv-text-dark-bg-color has-text-color\">Entre em contato<\/h2>\r\n\r\n\r\n\r\n<p class=\"has-text-align-center\">E vamos conversar!<\/p>\r\n<\/div>\r\n\r\n\r\n\r\n<div class=\"is-layout-flow wp-block-column is-vertically-aligned-center\" style=\"flex-basis: 50%;\"><div class=\"wpforms-container wpforms-container-full\" id=\"wpforms-409\"><form id=\"wpforms-form-409\" class=\"wpforms-validate wpforms-form wpforms-ajax-form\" data-formid=\"409\" method=\"post\" enctype=\"multipart\/form-data\" action=\"\/home\/wp-json\/wp\/v2\/pages\/75\" data-token=\"eafb4dc5a3e14d5a9c0f5aa473263cd7\"><noscript class=\"wpforms-error-noscript\">Ative o JavaScript no seu navegador para preencher este formul\u00e1rio.<\/noscript><div class=\"wpforms-field-container\"><div id=\"wpforms-409-field_0-container\" class=\"wpforms-field wpforms-field-name\" data-field-id=\"0\"><label class=\"wpforms-field-label\" for=\"wpforms-409-field_0\">Nome <span class=\"wpforms-required-label\">*<\/span><\/label><div class=\"wpforms-field-row wpforms-field-medium\"><div class=\"wpforms-field-row-block wpforms-first wpforms-one-half\"><input type=\"text\" id=\"wpforms-409-field_0\" class=\"wpforms-field-name-first wpforms-field-required\" name=\"wpforms[fields][0][first]\" required><label for=\"wpforms-409-field_0\" class=\"wpforms-field-sublabel after \">Nome<\/label><\/div><div class=\"wpforms-field-row-block wpforms-one-half\"><input type=\"text\" id=\"wpforms-409-field_0-last\" class=\"wpforms-field-name-last wpforms-field-required\" name=\"wpforms[fields][0][last]\" required><label for=\"wpforms-409-field_0-last\" class=\"wpforms-field-sublabel after \">Sobrenome<\/label><\/div><\/div><\/div><div id=\"wpforms-409-field_3-container\" class=\"wpforms-field wpforms-field-text wpforms-one-half wpforms-first\" data-field-id=\"3\"><label class=\"wpforms-field-label\" for=\"wpforms-409-field_3\">DDD+Telefone <span class=\"wpforms-required-label\">*<\/span><\/label><input type=\"text\" id=\"wpforms-409-field_3\" class=\"wpforms-field-medium wpforms-field-required\" name=\"wpforms[fields][3]\" required><div class=\"wpforms-field-description\">De prefer\u00eancia um n\u00famero com WhatsApp<\/div><\/div><div id=\"wpforms-409-field_4-container\" class=\"wpforms-field wpforms-field-select wpforms-one-half wpforms-field-select-style-classic\" data-field-id=\"4\"><label class=\"wpforms-field-label\" for=\"wpforms-409-field_4\">Curso de Interesse <span class=\"wpforms-required-label\">*<\/span><\/label><select id=\"wpforms-409-field_4\" class=\"wpforms-field-medium wpforms-field-required\" name=\"wpforms[fields][4]\" required=\"required\"><option value=\"ESCOLHA\" >ESCOLHA<\/option><option value=\"\u0421\u0422\u0410\u0420\u0422 \u2013 START\" >\u0421\u0422\u0410\u0420\u0422 \u2013 START<\/option><option value=\"\u041c\u0410\u042f\u041a \u2013 MA\u00cd\u00c1K\" >\u041c\u0410\u042f\u041a \u2013 MA\u00cd\u00c1K<\/option><\/select><\/div><div id=\"wpforms-409-field_1-container\" class=\"wpforms-field wpforms-field-email\" data-field-id=\"1\"><label class=\"wpforms-field-label\" for=\"wpforms-409-field_1\">Email <span class=\"wpforms-required-label\">*<\/span><\/label><input type=\"email\" id=\"wpforms-409-field_1\" class=\"wpforms-field-medium wpforms-field-required\" name=\"wpforms[fields][1]\" required><\/div><div id=\"wpforms-409-field_2-container\" class=\"wpforms-field wpforms-field-textarea\" data-field-id=\"2\"><label class=\"wpforms-field-label\" for=\"wpforms-409-field_2\">Observa\u00e7\u00f5es<\/label><textarea id=\"wpforms-409-field_2\" class=\"wpforms-field-medium\" name=\"wpforms[fields][2]\" ><\/textarea><\/div><\/div><div class=\"wpforms-recaptcha-container wpforms-is-hcaptcha\"><div class=\"g-recaptcha\" data-sitekey=\"8f0db214-ac43-49dc-94ce-fed6e88a68f9\"><\/div><input type=\"text\" name=\"g-recaptcha-hidden\" class=\"wpforms-recaptcha-hidden\" style=\"position:absolute!important;clip:rect(0,0,0,0)!important;height:1px!important;width:1px!important;border:0!important;overflow:hidden!important;padding:0!important;margin:0!important;\" required><\/div><div class=\"wpforms-submit-container\"><input type=\"hidden\" name=\"wpforms[id]\" value=\"409\"><input type=\"hidden\" name=\"wpforms[author]\" value=\"2\"><button type=\"submit\" name=\"wpforms[submit]\" id=\"wpforms-submit-409\" class=\"wpforms-submit\" data-alt-text=\"Enviando...\" data-submit-text=\"Enviar\" aria-live=\"assertive\" value=\"wpforms-submit\">Enviar<\/button><img src=\"https:\/\/culturaeslava.com\/home\/wp-content\/plugins\/wpforms-lite\/assets\/images\/submit-spin.svg\" class=\"wpforms-submit-spinner\" style=\"display: none;\" width=\"26\" height=\"26\" alt=\"A Carregar\"><\/div><\/form><\/div>  <!-- .wpforms-container --><\/div>\r\n<\/div>\r\n\r\n\r\n\r\n<div class=\"wp-block-spacer\" style=\"height: 40px;\" aria-hidden=\"true\">\u00a0<\/div>\r\n<\/div><\/div>\r\n<\/div>\r\n<\/div>\r\n","protected":false},"excerpt":{"rendered":"Entre em contato! \u00a0 \u00a0 Telefones (21) 3923-5203(21) 2221-3967 \u00a0 \u00a0 WhatsApp (21) 95902-8884 \u00a0 \u00a0 Email cult.eslava@gmail.com \u00a0 \u00a0 Endere\u00e7o Rua da Lapa, 65 - 201 - Centro, Rio de Janeiro - RJ, 20021-180 \u00a0 Hor\u00e1rios de funcionamento:Da segunda \u00e0 sexta-feira, das 09h \u00e0s 19hS\u00e1bado, das 12h \u00e0s 17h \u00a0 \u00a0 Entre em contato<a href=\"https:\/\/culturaeslava.com\/home\/fale-conosco\/\" class=\"\" rel=\"bookmark\">Continue a ler &raquo;<span class=\"screen-reader-text\">Fale conosco<\/span><\/a>","protected":false},"author":2,"featured_media":0,"parent":0,"menu_order":0,"comment_status":"closed","ping_status":"closed","template":"","meta":{"neve_meta_sidebar":"","neve_meta_container":"","neve_meta_enable_content_width":"on","neve_meta_content_width":100,"neve_meta_title_alignment":"","neve_meta_author_avatar":"","neve_post_elements_order":"","neve_meta_disable_header":"","neve_meta_disable_footer":"","neve_meta_disable_title":"on","_joinchat":[]},"aioseo_notices":[],"_links":{"self":[{"href":"https:\/\/culturaeslava.com\/home\/wp-json\/wp\/v2\/pages\/75"}],"collection":[{"href":"https:\/\/culturaeslava.com\/home\/wp-json\/wp\/v2\/pages"}],"about":[{"href":"https:\/\/culturaeslava.com\/home\/wp-json\/wp\/v2\/types\/page"}],"author":[{"embeddable":true,"href":"https:\/\/culturaeslava.com\/home\/wp-json\/wp\/v2\/users\/2"}],"replies":[{"embeddable":true,"href":"https:\/\/culturaeslava.com\/home\/wp-json\/wp\/v2\/comments?post=75"}],"version-history":[{"count":16,"href":"https:\/\/culturaeslava.com\/home\/wp-json\/wp\/v2\/pages\/75\/revisions"}],"predecessor-version":[{"id":1048,"href":"https:\/\/culturaeslava.com\/home\/wp-json\/wp\/v2\/pages\/75\/revisions\/1048"}],"wp:attachment":[{"href":"https:\/\/culturaeslava.com\/home\/wp-json\/wp\/v2\/media?parent=75"}],"curies":[{"name":"wp","href":"https:\/\/api.w.org\/{rel}","templated":true}]}}